{"id":9262,"date":"2021-02-23T14:51:18","date_gmt":"2021-02-23T13:51:18","guid":{"rendered":"https:\/\/www.jobcenter-kiel.de\/integrationsfachkraft-englisch-arabisch\/"},"modified":"2024-09-13T10:24:28","modified_gmt":"2024-09-13T08:24:28","slug":"karriere-unterseite-integrationsfachkraft-2","status":"publish","type":"page","link":"https:\/\/www.jobcenter-kiel.de\/ar\/karriere-unterseite-integrationsfachkraft-2\/","title":{"rendered":"Integrationsfachkraft"},"content":{"rendered":"<div id=\"cs-content\" class=\"cs-content\"><\/div>\n","protected":false},"excerpt":{"rendered":"<p>Integrationsfachkraft \u201eAls Integrationsfachkraft bin ich der Begleiter meiner Kund*innen auf dem Weg zur\u00fcck in eine Arbeit\/Ausbildung. Im regelm\u00e4\u00dfigen Austausch mit den Menschen ermittle ich deren F\u00e4higkeiten und Potenziale, um sie zu ermutigen und mit den F\u00f6rderm\u00f6glichkeiten des Jobcenters zu unterst\u00fctzen. Diese sind sehr vielf\u00e4ltig: Vom Bewerbungscoaching, \u00fcber den fehlenden F\u00fchrerschein bis zur Umschulung mit Berufsabschluss und vielem mehr stehen sehr &#8230; <\/p>\n<div><a href=\"https:\/\/www.jobcenter-kiel.de\/ar\/karriere-unterseite-integrationsfachkraft-2\/\" class=\"more-link\">Read More<\/a><\/div>\n","protected":false},"author":1,"featured_media":0,"parent":0,"menu_order":0,"comment_status":"closed","ping_status":"closed","template":"template-blank-4.php","meta":{"footnotes":""},"class_list":["post-9262","page","type-page","status-publish","hentry","no-post-thumbnail"],"yoast_head":"<!-- This site is optimized with the Yoast SEO plugin v26.5 - https:\/\/yoast.com\/wordpress\/plugins\/seo\/ -->\n<title>Integrationsfachkraft - Jobcenter Kiel<\/title>\n<meta name=\"description\" content=\"Das Jobcenter Kiel ist eine gemeinsame Einrichtung der Landeshauptstadt Kiel und der Agentur f\u00fcr Arbeit Kiel. Wir sind eine eigenst\u00e4ndige K\u00f6rperschaft des \u00f6ffentlichen Rechts sui generis.\" \/>\n<meta name=\"robots\" content=\"index, follow, max-snippet:-1, max-image-preview:large, max-video-preview:-1\" \/>\n<link rel=\"canonical\" href=\"https:\/\/www.jobcenter-kiel.de\/ar\/karriere-unterseite-integrationsfachkraft-2\/\" \/>\n<meta property=\"og:locale\" content=\"ar_AR\" \/>\n<meta property=\"og:type\" content=\"article\" \/>\n<meta property=\"og:title\" content=\"Integrationsfachkraft - Jobcenter Kiel\" \/>\n<meta property=\"og:description\" content=\"Das Jobcenter Kiel ist eine gemeinsame Einrichtung der Landeshauptstadt Kiel und der Agentur f\u00fcr Arbeit Kiel. Wir sind eine eigenst\u00e4ndige K\u00f6rperschaft des \u00f6ffentlichen Rechts sui generis.\" \/>\n<meta property=\"og:url\" content=\"https:\/\/www.jobcenter-kiel.de\/ar\/karriere-unterseite-integrationsfachkraft-2\/\" \/>\n<meta property=\"og:site_name\" content=\"Jobcenter Kiel\" \/>\n<meta property=\"article:modified_time\" content=\"2024-09-13T08:24:28+00:00\" \/>\n<meta name=\"twitter:card\" content=\"summary_large_image\" \/>\n<meta name=\"twitter:label1\" content=\"\u0648\u0642\u062a \u0627\u0644\u0642\u0631\u0627\u0621\u0629 \u0627\u0644\u0645\u064f\u0642\u062f\u0651\u0631\" \/>\n\t<meta name=\"twitter:data1\" content=\"5 \u062f\u0642\u0627\u0626\u0642\" \/>\n<script type=\"application\/ld+json\" class=\"yoast-schema-graph\">{\"@context\":\"https:\/\/schema.org\",\"@graph\":[{\"@type\":\"WebPage\",\"@id\":\"https:\/\/www.jobcenter-kiel.de\/ar\/karriere-unterseite-integrationsfachkraft-2\/\",\"url\":\"https:\/\/www.jobcenter-kiel.de\/ar\/karriere-unterseite-integrationsfachkraft-2\/\",\"name\":\"Integrationsfachkraft - Jobcenter Kiel\",\"isPartOf\":{\"@id\":\"https:\/\/www.jobcenter-kiel.de\/ar\/#website\"},\"datePublished\":\"2021-02-23T13:51:18+00:00\",\"dateModified\":\"2024-09-13T08:24:28+00:00\",\"description\":\"Das Jobcenter Kiel ist eine gemeinsame Einrichtung der Landeshauptstadt Kiel und der Agentur f\u00fcr Arbeit Kiel. Wir sind eine eigenst\u00e4ndige K\u00f6rperschaft des \u00f6ffentlichen Rechts sui generis.\",\"breadcrumb\":{\"@id\":\"https:\/\/www.jobcenter-kiel.de\/ar\/karriere-unterseite-integrationsfachkraft-2\/#breadcrumb\"},\"inLanguage\":\"ar\",\"potentialAction\":[{\"@type\":\"ReadAction\",\"target\":[\"https:\/\/www.jobcenter-kiel.de\/ar\/karriere-unterseite-integrationsfachkraft-2\/\"]}]},{\"@type\":\"BreadcrumbList\",\"@id\":\"https:\/\/www.jobcenter-kiel.de\/ar\/karriere-unterseite-integrationsfachkraft-2\/#breadcrumb\",\"itemListElement\":[{\"@type\":\"ListItem\",\"position\":1,\"name\":\"Startseite\",\"item\":\"https:\/\/www.jobcenter-kiel.de\/ar\/\"},{\"@type\":\"ListItem\",\"position\":2,\"name\":\"Integrationsfachkraft\"}]},{\"@type\":\"WebSite\",\"@id\":\"https:\/\/www.jobcenter-kiel.de\/ar\/#website\",\"url\":\"https:\/\/www.jobcenter-kiel.de\/ar\/\",\"name\":\"Jobcenter Kiel\",\"description\":\"Beraten - qualifizieren - integrieren\",\"publisher\":{\"@id\":\"https:\/\/www.jobcenter-kiel.de\/ar\/#organization\"},\"potentialAction\":[{\"@type\":\"SearchAction\",\"target\":{\"@type\":\"EntryPoint\",\"urlTemplate\":\"https:\/\/www.jobcenter-kiel.de\/ar\/?s={search_term_string}\"},\"query-input\":{\"@type\":\"PropertyValueSpecification\",\"valueRequired\":true,\"valueName\":\"search_term_string\"}}],\"inLanguage\":\"ar\"},{\"@type\":\"Organization\",\"@id\":\"https:\/\/www.jobcenter-kiel.de\/ar\/#organization\",\"name\":\"Jobcenter Kiel\",\"url\":\"https:\/\/www.jobcenter-kiel.de\/ar\/\",\"logo\":{\"@type\":\"ImageObject\",\"inLanguage\":\"ar\",\"@id\":\"https:\/\/www.jobcenter-kiel.de\/ar\/#\/schema\/logo\/image\/\",\"url\":\"https:\/\/www.jobcenter-kiel.de\/wp-content\/uploads\/2018\/04\/job-center-kiel-logo-2.png\",\"contentUrl\":\"https:\/\/www.jobcenter-kiel.de\/wp-content\/uploads\/2018\/04\/job-center-kiel-logo-2.png\",\"width\":484,\"height\":104,\"caption\":\"Jobcenter Kiel\"},\"image\":{\"@id\":\"https:\/\/www.jobcenter-kiel.de\/ar\/#\/schema\/logo\/image\/\"}}]}<\/script>\n<!-- \/ Yoast SEO plugin. -->","yoast_head_json":{"title":"Integrationsfachkraft - Jobcenter Kiel","description":"Das Jobcenter Kiel ist eine gemeinsame Einrichtung der Landeshauptstadt Kiel und der Agentur f\u00fcr Arbeit Kiel. Wir sind eine eigenst\u00e4ndige K\u00f6rperschaft des \u00f6ffentlichen Rechts sui generis.","robots":{"index":"index","follow":"follow","max-snippet":"max-snippet:-1","max-image-preview":"max-image-preview:large","max-video-preview":"max-video-preview:-1"},"canonical":"https:\/\/www.jobcenter-kiel.de\/ar\/karriere-unterseite-integrationsfachkraft-2\/","og_locale":"ar_AR","og_type":"article","og_title":"Integrationsfachkraft - Jobcenter Kiel","og_description":"Das Jobcenter Kiel ist eine gemeinsame Einrichtung der Landeshauptstadt Kiel und der Agentur f\u00fcr Arbeit Kiel. Wir sind eine eigenst\u00e4ndige K\u00f6rperschaft des \u00f6ffentlichen Rechts sui generis.","og_url":"https:\/\/www.jobcenter-kiel.de\/ar\/karriere-unterseite-integrationsfachkraft-2\/","og_site_name":"Jobcenter Kiel","article_modified_time":"2024-09-13T08:24:28+00:00","twitter_card":"summary_large_image","twitter_misc":{"\u0648\u0642\u062a \u0627\u0644\u0642\u0631\u0627\u0621\u0629 \u0627\u0644\u0645\u064f\u0642\u062f\u0651\u0631":"5 \u062f\u0642\u0627\u0626\u0642"},"schema":{"@context":"https:\/\/schema.org","@graph":[{"@type":"WebPage","@id":"https:\/\/www.jobcenter-kiel.de\/ar\/karriere-unterseite-integrationsfachkraft-2\/","url":"https:\/\/www.jobcenter-kiel.de\/ar\/karriere-unterseite-integrationsfachkraft-2\/","name":"Integrationsfachkraft - Jobcenter Kiel","isPartOf":{"@id":"https:\/\/www.jobcenter-kiel.de\/ar\/#website"},"datePublished":"2021-02-23T13:51:18+00:00","dateModified":"2024-09-13T08:24:28+00:00","description":"Das Jobcenter Kiel ist eine gemeinsame Einrichtung der Landeshauptstadt Kiel und der Agentur f\u00fcr Arbeit Kiel. Wir sind eine eigenst\u00e4ndige K\u00f6rperschaft des \u00f6ffentlichen Rechts sui generis.","breadcrumb":{"@id":"https:\/\/www.jobcenter-kiel.de\/ar\/karriere-unterseite-integrationsfachkraft-2\/#breadcrumb"},"inLanguage":"ar","potentialAction":[{"@type":"ReadAction","target":["https:\/\/www.jobcenter-kiel.de\/ar\/karriere-unterseite-integrationsfachkraft-2\/"]}]},{"@type":"BreadcrumbList","@id":"https:\/\/www.jobcenter-kiel.de\/ar\/karriere-unterseite-integrationsfachkraft-2\/#breadcrumb","itemListElement":[{"@type":"ListItem","position":1,"name":"Startseite","item":"https:\/\/www.jobcenter-kiel.de\/ar\/"},{"@type":"ListItem","position":2,"name":"Integrationsfachkraft"}]},{"@type":"WebSite","@id":"https:\/\/www.jobcenter-kiel.de\/ar\/#website","url":"https:\/\/www.jobcenter-kiel.de\/ar\/","name":"Jobcenter Kiel","description":"Beraten - qualifizieren - integrieren","publisher":{"@id":"https:\/\/www.jobcenter-kiel.de\/ar\/#organization"},"potentialAction":[{"@type":"SearchAction","target":{"@type":"EntryPoint","urlTemplate":"https:\/\/www.jobcenter-kiel.de\/ar\/?s={search_term_string}"},"query-input":{"@type":"PropertyValueSpecification","valueRequired":true,"valueName":"search_term_string"}}],"inLanguage":"ar"},{"@type":"Organization","@id":"https:\/\/www.jobcenter-kiel.de\/ar\/#organization","name":"Jobcenter Kiel","url":"https:\/\/www.jobcenter-kiel.de\/ar\/","logo":{"@type":"ImageObject","inLanguage":"ar","@id":"https:\/\/www.jobcenter-kiel.de\/ar\/#\/schema\/logo\/image\/","url":"https:\/\/www.jobcenter-kiel.de\/wp-content\/uploads\/2018\/04\/job-center-kiel-logo-2.png","contentUrl":"https:\/\/www.jobcenter-kiel.de\/wp-content\/uploads\/2018\/04\/job-center-kiel-logo-2.png","width":484,"height":104,"caption":"Jobcenter Kiel"},"image":{"@id":"https:\/\/www.jobcenter-kiel.de\/ar\/#\/schema\/logo\/image\/"}}]}},"publishpress_future_action":{"enabled":false,"date":"2026-04-22 05:45:56","action":"change-status","newStatus":"draft","terms":[],"taxonomy":"translation_priority","extraData":[]},"publishpress_future_workflow_manual_trigger":{"enabledWorkflows":[]},"_links":{"self":[{"href":"https:\/\/www.jobcenter-kiel.de\/ar\/wp-json\/wp\/v2\/pages\/9262","targetHints":{"allow":["GET"]}}],"collection":[{"href":"https:\/\/www.jobcenter-kiel.de\/ar\/wp-json\/wp\/v2\/pages"}],"about":[{"href":"https:\/\/www.jobcenter-kiel.de\/ar\/wp-json\/wp\/v2\/types\/page"}],"author":[{"embeddable":true,"href":"https:\/\/www.jobcenter-kiel.de\/ar\/wp-json\/wp\/v2\/users\/1"}],"replies":[{"embeddable":true,"href":"https:\/\/www.jobcenter-kiel.de\/ar\/wp-json\/wp\/v2\/comments?post=9262"}],"version-history":[{"count":4,"href":"https:\/\/www.jobcenter-kiel.de\/ar\/wp-json\/wp\/v2\/pages\/9262\/revisions"}],"predecessor-version":[{"id":9313,"href":"https:\/\/www.jobcenter-kiel.de\/ar\/wp-json\/wp\/v2\/pages\/9262\/revisions\/9313"}],"wp:attachment":[{"href":"https:\/\/www.jobcenter-kiel.de\/ar\/wp-json\/wp\/v2\/media?parent=9262"}],"curies":[{"name":"wp","href":"https:\/\/api.w.org\/{rel}","templated":true}]}}