{"id":9323,"date":"2018-04-26T08:57:15","date_gmt":"2018-04-26T06:57:15","guid":{"rendered":"https:\/\/www.jobcenter-kiel.de\/standorte-englisch\/"},"modified":"2024-09-13T10:39:15","modified_gmt":"2024-09-13T08:39:15","slug":"standorte-2","status":"publish","type":"page","link":"https:\/\/www.jobcenter-kiel.de\/en\/standorte-2\/","title":{"rendered":"Standorte"},"content":{"rendered":"<div id=\"cs-content\" class=\"cs-content\"><\/div>\n","protected":false},"excerpt":{"rendered":"<p>Unsere Standorte Das Jobcenter Kiel erbringt seine Dienstleistungen entweder in den Stadtteilen oder in spezialisierten Teams. In unseren Standorten gelten dabei folgende Hausregeln.&nbsp;\u00d6ffnungszeiten Hier finden Sie die aktuellen &Ouml;ffnungszeiten. Sie erreichen uns auch per Post, Telefon und &uuml;ber online &uuml;ber jobcenter.digital. Nutzen Sie auch gern unsere Service-Angebote und erledigen Sie Ihr Anliegen von zu Hause aus.Welcher Standort ist f\u00fcr Sie &#8230; <\/p>\n<div><a href=\"https:\/\/www.jobcenter-kiel.de\/en\/standorte-2\/\" class=\"more-link\">Read More<\/a><\/div>\n","protected":false},"author":1,"featured_media":0,"parent":0,"menu_order":0,"comment_status":"closed","ping_status":"closed","template":"template-blank-4.php","meta":{"footnotes":""},"class_list":["post-9323","page","type-page","status-publish","hentry","no-post-thumbnail"],"yoast_head":"<!-- This site is optimized with the Yoast SEO plugin v26.5 - https:\/\/yoast.com\/wordpress\/plugins\/seo\/ -->\n<title>Standorte - Jobcenter Kiel<\/title>\n<meta name=\"description\" content=\"Das Jobcenter Kiel ist eine gemeinsame Einrichtung der Landeshauptstadt Kiel und der Agentur f\u00fcr Arbeit Kiel. Wir sind eine eigenst\u00e4ndige K\u00f6rperschaft des \u00f6ffentlichen Rechts sui generis.\" \/>\n<meta name=\"robots\" content=\"index, follow, max-snippet:-1, max-image-preview:large, max-video-preview:-1\" \/>\n<link rel=\"canonical\" href=\"https:\/\/www.jobcenter-kiel.de\/en\/standorte-2\/\" \/>\n<meta property=\"og:locale\" content=\"en_US\" \/>\n<meta property=\"og:type\" content=\"article\" \/>\n<meta property=\"og:title\" content=\"Standorte - Jobcenter Kiel\" \/>\n<meta property=\"og:description\" content=\"Das Jobcenter Kiel ist eine gemeinsame Einrichtung der Landeshauptstadt Kiel und der Agentur f\u00fcr Arbeit Kiel. Wir sind eine eigenst\u00e4ndige K\u00f6rperschaft des \u00f6ffentlichen Rechts sui generis.\" \/>\n<meta property=\"og:url\" content=\"https:\/\/www.jobcenter-kiel.de\/en\/standorte-2\/\" \/>\n<meta property=\"og:site_name\" content=\"Jobcenter Kiel\" \/>\n<meta property=\"article:modified_time\" content=\"2024-09-13T08:39:15+00:00\" \/>\n<meta name=\"twitter:card\" content=\"summary_large_image\" \/>\n<meta name=\"twitter:label1\" content=\"Est. reading time\" \/>\n\t<meta name=\"twitter:data1\" content=\"5 minutes\" \/>\n<script type=\"application\/ld+json\" class=\"yoast-schema-graph\">{\"@context\":\"https:\/\/schema.org\",\"@graph\":[{\"@type\":\"WebPage\",\"@id\":\"https:\/\/www.jobcenter-kiel.de\/en\/standorte-2\/\",\"url\":\"https:\/\/www.jobcenter-kiel.de\/en\/standorte-2\/\",\"name\":\"Standorte - Jobcenter Kiel\",\"isPartOf\":{\"@id\":\"https:\/\/www.jobcenter-kiel.de\/en\/#website\"},\"datePublished\":\"2018-04-26T06:57:15+00:00\",\"dateModified\":\"2024-09-13T08:39:15+00:00\",\"description\":\"Das Jobcenter Kiel ist eine gemeinsame Einrichtung der Landeshauptstadt Kiel und der Agentur f\u00fcr Arbeit Kiel. Wir sind eine eigenst\u00e4ndige K\u00f6rperschaft des \u00f6ffentlichen Rechts sui generis.\",\"breadcrumb\":{\"@id\":\"https:\/\/www.jobcenter-kiel.de\/en\/standorte-2\/#breadcrumb\"},\"inLanguage\":\"en-US\",\"potentialAction\":[{\"@type\":\"ReadAction\",\"target\":[\"https:\/\/www.jobcenter-kiel.de\/en\/standorte-2\/\"]}]},{\"@type\":\"BreadcrumbList\",\"@id\":\"https:\/\/www.jobcenter-kiel.de\/en\/standorte-2\/#breadcrumb\",\"itemListElement\":[{\"@type\":\"ListItem\",\"position\":1,\"name\":\"Startseite\",\"item\":\"https:\/\/www.jobcenter-kiel.de\/en\/\"},{\"@type\":\"ListItem\",\"position\":2,\"name\":\"Standorte\"}]},{\"@type\":\"WebSite\",\"@id\":\"https:\/\/www.jobcenter-kiel.de\/en\/#website\",\"url\":\"https:\/\/www.jobcenter-kiel.de\/en\/\",\"name\":\"Jobcenter Kiel\",\"description\":\"Beraten - qualifizieren - integrieren\",\"publisher\":{\"@id\":\"https:\/\/www.jobcenter-kiel.de\/en\/#organization\"},\"potentialAction\":[{\"@type\":\"SearchAction\",\"target\":{\"@type\":\"EntryPoint\",\"urlTemplate\":\"https:\/\/www.jobcenter-kiel.de\/en\/?s={search_term_string}\"},\"query-input\":{\"@type\":\"PropertyValueSpecification\",\"valueRequired\":true,\"valueName\":\"search_term_string\"}}],\"inLanguage\":\"en-US\"},{\"@type\":\"Organization\",\"@id\":\"https:\/\/www.jobcenter-kiel.de\/en\/#organization\",\"name\":\"Jobcenter Kiel\",\"url\":\"https:\/\/www.jobcenter-kiel.de\/en\/\",\"logo\":{\"@type\":\"ImageObject\",\"inLanguage\":\"en-US\",\"@id\":\"https:\/\/www.jobcenter-kiel.de\/en\/#\/schema\/logo\/image\/\",\"url\":\"https:\/\/www.jobcenter-kiel.de\/wp-content\/uploads\/2018\/04\/job-center-kiel-logo-2.png\",\"contentUrl\":\"https:\/\/www.jobcenter-kiel.de\/wp-content\/uploads\/2018\/04\/job-center-kiel-logo-2.png\",\"width\":484,\"height\":104,\"caption\":\"Jobcenter Kiel\"},\"image\":{\"@id\":\"https:\/\/www.jobcenter-kiel.de\/en\/#\/schema\/logo\/image\/\"}}]}<\/script>\n<!-- \/ Yoast SEO plugin. -->","yoast_head_json":{"title":"Standorte - Jobcenter Kiel","description":"Das Jobcenter Kiel ist eine gemeinsame Einrichtung der Landeshauptstadt Kiel und der Agentur f\u00fcr Arbeit Kiel. Wir sind eine eigenst\u00e4ndige K\u00f6rperschaft des \u00f6ffentlichen Rechts sui generis.","robots":{"index":"index","follow":"follow","max-snippet":"max-snippet:-1","max-image-preview":"max-image-preview:large","max-video-preview":"max-video-preview:-1"},"canonical":"https:\/\/www.jobcenter-kiel.de\/en\/standorte-2\/","og_locale":"en_US","og_type":"article","og_title":"Standorte - Jobcenter Kiel","og_description":"Das Jobcenter Kiel ist eine gemeinsame Einrichtung der Landeshauptstadt Kiel und der Agentur f\u00fcr Arbeit Kiel. Wir sind eine eigenst\u00e4ndige K\u00f6rperschaft des \u00f6ffentlichen Rechts sui generis.","og_url":"https:\/\/www.jobcenter-kiel.de\/en\/standorte-2\/","og_site_name":"Jobcenter Kiel","article_modified_time":"2024-09-13T08:39:15+00:00","twitter_card":"summary_large_image","twitter_misc":{"Est. reading time":"5 minutes"},"schema":{"@context":"https:\/\/schema.org","@graph":[{"@type":"WebPage","@id":"https:\/\/www.jobcenter-kiel.de\/en\/standorte-2\/","url":"https:\/\/www.jobcenter-kiel.de\/en\/standorte-2\/","name":"Standorte - Jobcenter Kiel","isPartOf":{"@id":"https:\/\/www.jobcenter-kiel.de\/en\/#website"},"datePublished":"2018-04-26T06:57:15+00:00","dateModified":"2024-09-13T08:39:15+00:00","description":"Das Jobcenter Kiel ist eine gemeinsame Einrichtung der Landeshauptstadt Kiel und der Agentur f\u00fcr Arbeit Kiel. Wir sind eine eigenst\u00e4ndige K\u00f6rperschaft des \u00f6ffentlichen Rechts sui generis.","breadcrumb":{"@id":"https:\/\/www.jobcenter-kiel.de\/en\/standorte-2\/#breadcrumb"},"inLanguage":"en-US","potentialAction":[{"@type":"ReadAction","target":["https:\/\/www.jobcenter-kiel.de\/en\/standorte-2\/"]}]},{"@type":"BreadcrumbList","@id":"https:\/\/www.jobcenter-kiel.de\/en\/standorte-2\/#breadcrumb","itemListElement":[{"@type":"ListItem","position":1,"name":"Startseite","item":"https:\/\/www.jobcenter-kiel.de\/en\/"},{"@type":"ListItem","position":2,"name":"Standorte"}]},{"@type":"WebSite","@id":"https:\/\/www.jobcenter-kiel.de\/en\/#website","url":"https:\/\/www.jobcenter-kiel.de\/en\/","name":"Jobcenter Kiel","description":"Beraten - qualifizieren - integrieren","publisher":{"@id":"https:\/\/www.jobcenter-kiel.de\/en\/#organization"},"potentialAction":[{"@type":"SearchAction","target":{"@type":"EntryPoint","urlTemplate":"https:\/\/www.jobcenter-kiel.de\/en\/?s={search_term_string}"},"query-input":{"@type":"PropertyValueSpecification","valueRequired":true,"valueName":"search_term_string"}}],"inLanguage":"en-US"},{"@type":"Organization","@id":"https:\/\/www.jobcenter-kiel.de\/en\/#organization","name":"Jobcenter Kiel","url":"https:\/\/www.jobcenter-kiel.de\/en\/","logo":{"@type":"ImageObject","inLanguage":"en-US","@id":"https:\/\/www.jobcenter-kiel.de\/en\/#\/schema\/logo\/image\/","url":"https:\/\/www.jobcenter-kiel.de\/wp-content\/uploads\/2018\/04\/job-center-kiel-logo-2.png","contentUrl":"https:\/\/www.jobcenter-kiel.de\/wp-content\/uploads\/2018\/04\/job-center-kiel-logo-2.png","width":484,"height":104,"caption":"Jobcenter Kiel"},"image":{"@id":"https:\/\/www.jobcenter-kiel.de\/en\/#\/schema\/logo\/image\/"}}]}},"publishpress_future_action":{"enabled":false,"date":"2026-04-23 01:36:17","action":"change-status","newStatus":"draft","terms":[],"taxonomy":"translation_priority","extraData":[]},"publishpress_future_workflow_manual_trigger":{"enabledWorkflows":[]},"_links":{"self":[{"href":"https:\/\/www.jobcenter-kiel.de\/en\/wp-json\/wp\/v2\/pages\/9323","targetHints":{"allow":["GET"]}}],"collection":[{"href":"https:\/\/www.jobcenter-kiel.de\/en\/wp-json\/wp\/v2\/pages"}],"about":[{"href":"https:\/\/www.jobcenter-kiel.de\/en\/wp-json\/wp\/v2\/types\/page"}],"author":[{"embeddable":true,"href":"https:\/\/www.jobcenter-kiel.de\/en\/wp-json\/wp\/v2\/users\/1"}],"replies":[{"embeddable":true,"href":"https:\/\/www.jobcenter-kiel.de\/en\/wp-json\/wp\/v2\/comments?post=9323"}],"version-history":[{"count":4,"href":"https:\/\/www.jobcenter-kiel.de\/en\/wp-json\/wp\/v2\/pages\/9323\/revisions"}],"predecessor-version":[{"id":9564,"href":"https:\/\/www.jobcenter-kiel.de\/en\/wp-json\/wp\/v2\/pages\/9323\/revisions\/9564"}],"wp:attachment":[{"href":"https:\/\/www.jobcenter-kiel.de\/en\/wp-json\/wp\/v2\/media?parent=9323"}],"curies":[{"name":"wp","href":"https:\/\/api.w.org\/{rel}","templated":true}]}}