{"id":9492,"date":"2018-04-26T09:07:03","date_gmt":"2018-04-26T07:07:03","guid":{"rendered":"https:\/\/www.jobcenter-kiel.de\/presse-oeffentlichkeit-englisch-arabisch-ukrainisch-dari-afghanistan\/"},"modified":"2024-09-13T10:43:23","modified_gmt":"2024-09-13T08:43:23","slug":"presse-und-oeffentlichkeit-2","status":"publish","type":"page","link":"https:\/\/www.jobcenter-kiel.de\/prs-af\/presse-und-oeffentlichkeit-2\/","title":{"rendered":"Presse &#038; \u00d6ffentlichkeit"},"content":{"rendered":"<div id=\"cs-content\" class=\"cs-content\"><\/div>\n","protected":false},"excerpt":{"rendered":"<p>Presse- und \u00d6ffentlichkeitsarbeit Wir informieren \u00fcber unsere Arbeit \u2013 nah dran und hinter den Kulissen. Die Seite &#8220;Nachrichten aus dem Jobcenter&#8221; erscheint einmal monatlich im Kieler Express. Hier finden Sie bereits erschienene Artikel aus dem laufenden Jahr:Kontakt Anna Mergner \u2013 Pressesprecherin Adolf-Westphal-Str. 2 24143 Kiel Tel.: 0431 \/ 709-1879 Fax: 0431 \/ 709-1850EmailNewsletter Keine Neuigkeiten aus dem Jobcenter mehr verpassen? &#8230; <\/p>\n<div><a href=\"https:\/\/www.jobcenter-kiel.de\/prs-af\/presse-und-oeffentlichkeit-2\/\" class=\"more-link\">Read More<\/a><\/div>\n","protected":false},"author":1,"featured_media":0,"parent":0,"menu_order":0,"comment_status":"closed","ping_status":"closed","template":"template-blank-4.php","meta":{"footnotes":""},"class_list":["post-9492","page","type-page","status-publish","hentry","no-post-thumbnail"],"yoast_head":"<!-- This site is optimized with the Yoast SEO plugin v26.5 - https:\/\/yoast.com\/wordpress\/plugins\/seo\/ -->\n<title>Presse &amp; \u00d6ffentlichkeit - Jobcenter Kiel<\/title>\n<meta name=\"description\" content=\"Das Jobcenter Kiel ist eine gemeinsame Einrichtung der Landeshauptstadt Kiel und der Agentur f\u00fcr Arbeit Kiel. Wir sind eine eigenst\u00e4ndige K\u00f6rperschaft des \u00f6ffentlichen Rechts sui generis.\" \/>\n<meta name=\"robots\" content=\"index, follow, max-snippet:-1, max-image-preview:large, max-video-preview:-1\" \/>\n<link rel=\"canonical\" href=\"https:\/\/www.jobcenter-kiel.de\/prs-af\/presse-und-oeffentlichkeit-2\/\" \/>\n<meta property=\"og:locale\" content=\"en_US\" \/>\n<meta property=\"og:type\" content=\"article\" \/>\n<meta property=\"og:title\" content=\"Presse &amp; \u00d6ffentlichkeit - Jobcenter Kiel\" \/>\n<meta property=\"og:description\" content=\"Das Jobcenter Kiel ist eine gemeinsame Einrichtung der Landeshauptstadt Kiel und der Agentur f\u00fcr Arbeit Kiel. Wir sind eine eigenst\u00e4ndige K\u00f6rperschaft des \u00f6ffentlichen Rechts sui generis.\" \/>\n<meta property=\"og:url\" content=\"https:\/\/www.jobcenter-kiel.de\/prs-af\/presse-und-oeffentlichkeit-2\/\" \/>\n<meta property=\"og:site_name\" content=\"Jobcenter Kiel\" \/>\n<meta property=\"article:modified_time\" content=\"2024-09-13T08:43:23+00:00\" \/>\n<meta name=\"twitter:card\" content=\"summary_large_image\" \/>\n<meta name=\"twitter:label1\" content=\"Est. reading time\" \/>\n\t<meta name=\"twitter:data1\" content=\"3 minutes\" \/>\n<script type=\"application\/ld+json\" class=\"yoast-schema-graph\">{\"@context\":\"https:\/\/schema.org\",\"@graph\":[{\"@type\":\"WebPage\",\"@id\":\"https:\/\/www.jobcenter-kiel.de\/prs-af\/presse-und-oeffentlichkeit-2\/\",\"url\":\"https:\/\/www.jobcenter-kiel.de\/prs-af\/presse-und-oeffentlichkeit-2\/\",\"name\":\"Presse & \u00d6ffentlichkeit - Jobcenter Kiel\",\"isPartOf\":{\"@id\":\"https:\/\/www.jobcenter-kiel.de\/prs-af\/#website\"},\"datePublished\":\"2018-04-26T07:07:03+00:00\",\"dateModified\":\"2024-09-13T08:43:23+00:00\",\"description\":\"Das Jobcenter Kiel ist eine gemeinsame Einrichtung der Landeshauptstadt Kiel und der Agentur f\u00fcr Arbeit Kiel. Wir sind eine eigenst\u00e4ndige K\u00f6rperschaft des \u00f6ffentlichen Rechts sui generis.\",\"breadcrumb\":{\"@id\":\"https:\/\/www.jobcenter-kiel.de\/prs-af\/presse-und-oeffentlichkeit-2\/#breadcrumb\"},\"inLanguage\":\"prs-AF\",\"potentialAction\":[{\"@type\":\"ReadAction\",\"target\":[\"https:\/\/www.jobcenter-kiel.de\/prs-af\/presse-und-oeffentlichkeit-2\/\"]}]},{\"@type\":\"BreadcrumbList\",\"@id\":\"https:\/\/www.jobcenter-kiel.de\/prs-af\/presse-und-oeffentlichkeit-2\/#breadcrumb\",\"itemListElement\":[{\"@type\":\"ListItem\",\"position\":1,\"name\":\"Startseite\",\"item\":\"https:\/\/www.jobcenter-kiel.de\/prs-af\/\"},{\"@type\":\"ListItem\",\"position\":2,\"name\":\"Presse &#038; \u00d6ffentlichkeit\"}]},{\"@type\":\"WebSite\",\"@id\":\"https:\/\/www.jobcenter-kiel.de\/prs-af\/#website\",\"url\":\"https:\/\/www.jobcenter-kiel.de\/prs-af\/\",\"name\":\"Jobcenter Kiel\",\"description\":\"Beraten - qualifizieren - integrieren\",\"publisher\":{\"@id\":\"https:\/\/www.jobcenter-kiel.de\/prs-af\/#organization\"},\"potentialAction\":[{\"@type\":\"SearchAction\",\"target\":{\"@type\":\"EntryPoint\",\"urlTemplate\":\"https:\/\/www.jobcenter-kiel.de\/prs-af\/?s={search_term_string}\"},\"query-input\":{\"@type\":\"PropertyValueSpecification\",\"valueRequired\":true,\"valueName\":\"search_term_string\"}}],\"inLanguage\":\"prs-AF\"},{\"@type\":\"Organization\",\"@id\":\"https:\/\/www.jobcenter-kiel.de\/prs-af\/#organization\",\"name\":\"Jobcenter Kiel\",\"url\":\"https:\/\/www.jobcenter-kiel.de\/prs-af\/\",\"logo\":{\"@type\":\"ImageObject\",\"inLanguage\":\"prs-AF\",\"@id\":\"https:\/\/www.jobcenter-kiel.de\/prs-af\/#\/schema\/logo\/image\/\",\"url\":\"https:\/\/www.jobcenter-kiel.de\/wp-content\/uploads\/2018\/04\/job-center-kiel-logo-2.png\",\"contentUrl\":\"https:\/\/www.jobcenter-kiel.de\/wp-content\/uploads\/2018\/04\/job-center-kiel-logo-2.png\",\"width\":484,\"height\":104,\"caption\":\"Jobcenter Kiel\"},\"image\":{\"@id\":\"https:\/\/www.jobcenter-kiel.de\/prs-af\/#\/schema\/logo\/image\/\"}}]}<\/script>\n<!-- \/ Yoast SEO plugin. -->","yoast_head_json":{"title":"Presse & \u00d6ffentlichkeit - Jobcenter Kiel","description":"Das Jobcenter Kiel ist eine gemeinsame Einrichtung der Landeshauptstadt Kiel und der Agentur f\u00fcr Arbeit Kiel. Wir sind eine eigenst\u00e4ndige K\u00f6rperschaft des \u00f6ffentlichen Rechts sui generis.","robots":{"index":"index","follow":"follow","max-snippet":"max-snippet:-1","max-image-preview":"max-image-preview:large","max-video-preview":"max-video-preview:-1"},"canonical":"https:\/\/www.jobcenter-kiel.de\/prs-af\/presse-und-oeffentlichkeit-2\/","og_locale":"en_US","og_type":"article","og_title":"Presse & \u00d6ffentlichkeit - Jobcenter Kiel","og_description":"Das Jobcenter Kiel ist eine gemeinsame Einrichtung der Landeshauptstadt Kiel und der Agentur f\u00fcr Arbeit Kiel. Wir sind eine eigenst\u00e4ndige K\u00f6rperschaft des \u00f6ffentlichen Rechts sui generis.","og_url":"https:\/\/www.jobcenter-kiel.de\/prs-af\/presse-und-oeffentlichkeit-2\/","og_site_name":"Jobcenter Kiel","article_modified_time":"2024-09-13T08:43:23+00:00","twitter_card":"summary_large_image","twitter_misc":{"Est. reading time":"3 minutes"},"schema":{"@context":"https:\/\/schema.org","@graph":[{"@type":"WebPage","@id":"https:\/\/www.jobcenter-kiel.de\/prs-af\/presse-und-oeffentlichkeit-2\/","url":"https:\/\/www.jobcenter-kiel.de\/prs-af\/presse-und-oeffentlichkeit-2\/","name":"Presse & \u00d6ffentlichkeit - Jobcenter Kiel","isPartOf":{"@id":"https:\/\/www.jobcenter-kiel.de\/prs-af\/#website"},"datePublished":"2018-04-26T07:07:03+00:00","dateModified":"2024-09-13T08:43:23+00:00","description":"Das Jobcenter Kiel ist eine gemeinsame Einrichtung der Landeshauptstadt Kiel und der Agentur f\u00fcr Arbeit Kiel. Wir sind eine eigenst\u00e4ndige K\u00f6rperschaft des \u00f6ffentlichen Rechts sui generis.","breadcrumb":{"@id":"https:\/\/www.jobcenter-kiel.de\/prs-af\/presse-und-oeffentlichkeit-2\/#breadcrumb"},"inLanguage":"prs-AF","potentialAction":[{"@type":"ReadAction","target":["https:\/\/www.jobcenter-kiel.de\/prs-af\/presse-und-oeffentlichkeit-2\/"]}]},{"@type":"BreadcrumbList","@id":"https:\/\/www.jobcenter-kiel.de\/prs-af\/presse-und-oeffentlichkeit-2\/#breadcrumb","itemListElement":[{"@type":"ListItem","position":1,"name":"Startseite","item":"https:\/\/www.jobcenter-kiel.de\/prs-af\/"},{"@type":"ListItem","position":2,"name":"Presse &#038; \u00d6ffentlichkeit"}]},{"@type":"WebSite","@id":"https:\/\/www.jobcenter-kiel.de\/prs-af\/#website","url":"https:\/\/www.jobcenter-kiel.de\/prs-af\/","name":"Jobcenter Kiel","description":"Beraten - qualifizieren - integrieren","publisher":{"@id":"https:\/\/www.jobcenter-kiel.de\/prs-af\/#organization"},"potentialAction":[{"@type":"SearchAction","target":{"@type":"EntryPoint","urlTemplate":"https:\/\/www.jobcenter-kiel.de\/prs-af\/?s={search_term_string}"},"query-input":{"@type":"PropertyValueSpecification","valueRequired":true,"valueName":"search_term_string"}}],"inLanguage":"prs-AF"},{"@type":"Organization","@id":"https:\/\/www.jobcenter-kiel.de\/prs-af\/#organization","name":"Jobcenter Kiel","url":"https:\/\/www.jobcenter-kiel.de\/prs-af\/","logo":{"@type":"ImageObject","inLanguage":"prs-AF","@id":"https:\/\/www.jobcenter-kiel.de\/prs-af\/#\/schema\/logo\/image\/","url":"https:\/\/www.jobcenter-kiel.de\/wp-content\/uploads\/2018\/04\/job-center-kiel-logo-2.png","contentUrl":"https:\/\/www.jobcenter-kiel.de\/wp-content\/uploads\/2018\/04\/job-center-kiel-logo-2.png","width":484,"height":104,"caption":"Jobcenter Kiel"},"image":{"@id":"https:\/\/www.jobcenter-kiel.de\/prs-af\/#\/schema\/logo\/image\/"}}]}},"publishpress_future_action":{"enabled":false,"date":"2026-04-23 16:56:38","action":"change-status","newStatus":"draft","terms":[],"taxonomy":"translation_priority","extraData":[]},"publishpress_future_workflow_manual_trigger":{"enabledWorkflows":[]},"_links":{"self":[{"href":"https:\/\/www.jobcenter-kiel.de\/prs-af\/wp-json\/wp\/v2\/pages\/9492","targetHints":{"allow":["GET"]}}],"collection":[{"href":"https:\/\/www.jobcenter-kiel.de\/prs-af\/wp-json\/wp\/v2\/pages"}],"about":[{"href":"https:\/\/www.jobcenter-kiel.de\/prs-af\/wp-json\/wp\/v2\/types\/page"}],"author":[{"embeddable":true,"href":"https:\/\/www.jobcenter-kiel.de\/prs-af\/wp-json\/wp\/v2\/users\/1"}],"replies":[{"embeddable":true,"href":"https:\/\/www.jobcenter-kiel.de\/prs-af\/wp-json\/wp\/v2\/comments?post=9492"}],"version-history":[{"count":3,"href":"https:\/\/www.jobcenter-kiel.de\/prs-af\/wp-json\/wp\/v2\/pages\/9492\/revisions"}],"predecessor-version":[{"id":9590,"href":"https:\/\/www.jobcenter-kiel.de\/prs-af\/wp-json\/wp\/v2\/pages\/9492\/revisions\/9590"}],"wp:attachment":[{"href":"https:\/\/www.jobcenter-kiel.de\/prs-af\/wp-json\/wp\/v2\/media?parent=9492"}],"curies":[{"name":"wp","href":"https:\/\/api.w.org\/{rel}","templated":true}]}}