{"id":9227,"date":"2021-02-25T13:35:27","date_gmt":"2021-02-25T12:35:27","guid":{"rendered":"https:\/\/www.jobcenter-kiel.de\/fachassistenz-leistungsgewaehrung-englisch-arabisch-ukrainisch\/"},"modified":"2024-09-13T10:24:58","modified_gmt":"2024-09-13T08:24:58","slug":"karriere-unterseite-fachassistenz-leistungsgewaehrung-2","status":"publish","type":"page","link":"https:\/\/www.jobcenter-kiel.de\/uk\/karriere-unterseite-fachassistenz-leistungsgewaehrung-2\/","title":{"rendered":"Fachassistenz-Leistungsgew\u00e4hrung"},"content":{"rendered":"<div id=\"cs-content\" class=\"cs-content\"><\/div>\n","protected":false},"excerpt":{"rendered":"<p>Fachassistenz im Bereich der Leistungsgew\u00e4hrung Welche finanzielle Unterst\u00fctzung k\u00f6nnen Menschen in einer bed\u00fcrftigen Situation erhalten? Mit dieser Frage besch\u00e4ftigt sich die Fachassistenz in der Leistungsgew\u00e4hrung. Hier geht es um die Leistungen f\u00fcr ein Zuhause und zur Existenzsicherung. Das Aufgabenfeld erstreckt sich vom Neuantrag \u00fcber Weiterbewilligungsantr\u00e4ge auf Leistungen nach dem SGB II, bis hin zur Anrechnung von Einkommen oder dem Ausstellen &#8230; <\/p>\n<div><a href=\"https:\/\/www.jobcenter-kiel.de\/uk\/karriere-unterseite-fachassistenz-leistungsgewaehrung-2\/\" class=\"more-link\">Read More<\/a><\/div>\n","protected":false},"author":1,"featured_media":0,"parent":0,"menu_order":0,"comment_status":"closed","ping_status":"closed","template":"template-blank-4.php","meta":{"footnotes":""},"class_list":["post-9227","page","type-page","status-publish","hentry","no-post-thumbnail"],"yoast_head":"<!-- This site is optimized with the Yoast SEO plugin v26.5 - https:\/\/yoast.com\/wordpress\/plugins\/seo\/ -->\n<title>Fachassistenz-Leistungsgew\u00e4hrung - Jobcenter Kiel<\/title>\n<meta name=\"description\" content=\"Das Jobcenter Kiel ist eine gemeinsame Einrichtung der Landeshauptstadt Kiel und der Agentur f\u00fcr Arbeit Kiel. Wir sind eine eigenst\u00e4ndige K\u00f6rperschaft des \u00f6ffentlichen Rechts sui generis.\" \/>\n<meta name=\"robots\" content=\"index, follow, max-snippet:-1, max-image-preview:large, max-video-preview:-1\" \/>\n<link rel=\"canonical\" href=\"https:\/\/www.jobcenter-kiel.de\/uk\/karriere-unterseite-fachassistenz-leistungsgewaehrung-2\/\" \/>\n<meta property=\"og:locale\" content=\"uk_UA\" \/>\n<meta property=\"og:type\" content=\"article\" \/>\n<meta property=\"og:title\" content=\"Fachassistenz-Leistungsgew\u00e4hrung - Jobcenter Kiel\" \/>\n<meta property=\"og:description\" content=\"Das Jobcenter Kiel ist eine gemeinsame Einrichtung der Landeshauptstadt Kiel und der Agentur f\u00fcr Arbeit Kiel. Wir sind eine eigenst\u00e4ndige K\u00f6rperschaft des \u00f6ffentlichen Rechts sui generis.\" \/>\n<meta property=\"og:url\" content=\"https:\/\/www.jobcenter-kiel.de\/uk\/karriere-unterseite-fachassistenz-leistungsgewaehrung-2\/\" \/>\n<meta property=\"og:site_name\" content=\"Jobcenter Kiel\" \/>\n<meta property=\"article:modified_time\" content=\"2024-09-13T08:24:58+00:00\" \/>\n<meta name=\"twitter:card\" content=\"summary_large_image\" \/>\n<meta name=\"twitter:label1\" content=\"\u041f\u0440\u0438\u0431\u043b. \u0447\u0430\u0441 \u0447\u0438\u0442\u0430\u043d\u043d\u044f\" \/>\n\t<meta name=\"twitter:data1\" content=\"4 \u0445\u0432\u0438\u043b\u0438\u043d\u0438\" \/>\n<script type=\"application\/ld+json\" class=\"yoast-schema-graph\">{\"@context\":\"https:\/\/schema.org\",\"@graph\":[{\"@type\":\"WebPage\",\"@id\":\"https:\/\/www.jobcenter-kiel.de\/uk\/karriere-unterseite-fachassistenz-leistungsgewaehrung-2\/\",\"url\":\"https:\/\/www.jobcenter-kiel.de\/uk\/karriere-unterseite-fachassistenz-leistungsgewaehrung-2\/\",\"name\":\"Fachassistenz-Leistungsgew\u00e4hrung - Jobcenter Kiel\",\"isPartOf\":{\"@id\":\"https:\/\/www.jobcenter-kiel.de\/uk\/#website\"},\"datePublished\":\"2021-02-25T12:35:27+00:00\",\"dateModified\":\"2024-09-13T08:24:58+00:00\",\"description\":\"Das Jobcenter Kiel ist eine gemeinsame Einrichtung der Landeshauptstadt Kiel und der Agentur f\u00fcr Arbeit Kiel. Wir sind eine eigenst\u00e4ndige K\u00f6rperschaft des \u00f6ffentlichen Rechts sui generis.\",\"breadcrumb\":{\"@id\":\"https:\/\/www.jobcenter-kiel.de\/uk\/karriere-unterseite-fachassistenz-leistungsgewaehrung-2\/#breadcrumb\"},\"inLanguage\":\"uk\",\"potentialAction\":[{\"@type\":\"ReadAction\",\"target\":[\"https:\/\/www.jobcenter-kiel.de\/uk\/karriere-unterseite-fachassistenz-leistungsgewaehrung-2\/\"]}]},{\"@type\":\"BreadcrumbList\",\"@id\":\"https:\/\/www.jobcenter-kiel.de\/uk\/karriere-unterseite-fachassistenz-leistungsgewaehrung-2\/#breadcrumb\",\"itemListElement\":[{\"@type\":\"ListItem\",\"position\":1,\"name\":\"Startseite\",\"item\":\"https:\/\/www.jobcenter-kiel.de\/uk\/\"},{\"@type\":\"ListItem\",\"position\":2,\"name\":\"Fachassistenz-Leistungsgew\u00e4hrung\"}]},{\"@type\":\"WebSite\",\"@id\":\"https:\/\/www.jobcenter-kiel.de\/uk\/#website\",\"url\":\"https:\/\/www.jobcenter-kiel.de\/uk\/\",\"name\":\"Jobcenter Kiel\",\"description\":\"Beraten - qualifizieren - integrieren\",\"publisher\":{\"@id\":\"https:\/\/www.jobcenter-kiel.de\/uk\/#organization\"},\"potentialAction\":[{\"@type\":\"SearchAction\",\"target\":{\"@type\":\"EntryPoint\",\"urlTemplate\":\"https:\/\/www.jobcenter-kiel.de\/uk\/?s={search_term_string}\"},\"query-input\":{\"@type\":\"PropertyValueSpecification\",\"valueRequired\":true,\"valueName\":\"search_term_string\"}}],\"inLanguage\":\"uk\"},{\"@type\":\"Organization\",\"@id\":\"https:\/\/www.jobcenter-kiel.de\/uk\/#organization\",\"name\":\"Jobcenter Kiel\",\"url\":\"https:\/\/www.jobcenter-kiel.de\/uk\/\",\"logo\":{\"@type\":\"ImageObject\",\"inLanguage\":\"uk\",\"@id\":\"https:\/\/www.jobcenter-kiel.de\/uk\/#\/schema\/logo\/image\/\",\"url\":\"https:\/\/www.jobcenter-kiel.de\/wp-content\/uploads\/2018\/04\/job-center-kiel-logo-2.png\",\"contentUrl\":\"https:\/\/www.jobcenter-kiel.de\/wp-content\/uploads\/2018\/04\/job-center-kiel-logo-2.png\",\"width\":484,\"height\":104,\"caption\":\"Jobcenter Kiel\"},\"image\":{\"@id\":\"https:\/\/www.jobcenter-kiel.de\/uk\/#\/schema\/logo\/image\/\"}}]}<\/script>\n<!-- \/ Yoast SEO plugin. -->","yoast_head_json":{"title":"Fachassistenz-Leistungsgew\u00e4hrung - Jobcenter Kiel","description":"Das Jobcenter Kiel ist eine gemeinsame Einrichtung der Landeshauptstadt Kiel und der Agentur f\u00fcr Arbeit Kiel. Wir sind eine eigenst\u00e4ndige K\u00f6rperschaft des \u00f6ffentlichen Rechts sui generis.","robots":{"index":"index","follow":"follow","max-snippet":"max-snippet:-1","max-image-preview":"max-image-preview:large","max-video-preview":"max-video-preview:-1"},"canonical":"https:\/\/www.jobcenter-kiel.de\/uk\/karriere-unterseite-fachassistenz-leistungsgewaehrung-2\/","og_locale":"uk_UA","og_type":"article","og_title":"Fachassistenz-Leistungsgew\u00e4hrung - Jobcenter Kiel","og_description":"Das Jobcenter Kiel ist eine gemeinsame Einrichtung der Landeshauptstadt Kiel und der Agentur f\u00fcr Arbeit Kiel. Wir sind eine eigenst\u00e4ndige K\u00f6rperschaft des \u00f6ffentlichen Rechts sui generis.","og_url":"https:\/\/www.jobcenter-kiel.de\/uk\/karriere-unterseite-fachassistenz-leistungsgewaehrung-2\/","og_site_name":"Jobcenter Kiel","article_modified_time":"2024-09-13T08:24:58+00:00","twitter_card":"summary_large_image","twitter_misc":{"\u041f\u0440\u0438\u0431\u043b. \u0447\u0430\u0441 \u0447\u0438\u0442\u0430\u043d\u043d\u044f":"4 \u0445\u0432\u0438\u043b\u0438\u043d\u0438"},"schema":{"@context":"https:\/\/schema.org","@graph":[{"@type":"WebPage","@id":"https:\/\/www.jobcenter-kiel.de\/uk\/karriere-unterseite-fachassistenz-leistungsgewaehrung-2\/","url":"https:\/\/www.jobcenter-kiel.de\/uk\/karriere-unterseite-fachassistenz-leistungsgewaehrung-2\/","name":"Fachassistenz-Leistungsgew\u00e4hrung - Jobcenter Kiel","isPartOf":{"@id":"https:\/\/www.jobcenter-kiel.de\/uk\/#website"},"datePublished":"2021-02-25T12:35:27+00:00","dateModified":"2024-09-13T08:24:58+00:00","description":"Das Jobcenter Kiel ist eine gemeinsame Einrichtung der Landeshauptstadt Kiel und der Agentur f\u00fcr Arbeit Kiel. Wir sind eine eigenst\u00e4ndige K\u00f6rperschaft des \u00f6ffentlichen Rechts sui generis.","breadcrumb":{"@id":"https:\/\/www.jobcenter-kiel.de\/uk\/karriere-unterseite-fachassistenz-leistungsgewaehrung-2\/#breadcrumb"},"inLanguage":"uk","potentialAction":[{"@type":"ReadAction","target":["https:\/\/www.jobcenter-kiel.de\/uk\/karriere-unterseite-fachassistenz-leistungsgewaehrung-2\/"]}]},{"@type":"BreadcrumbList","@id":"https:\/\/www.jobcenter-kiel.de\/uk\/karriere-unterseite-fachassistenz-leistungsgewaehrung-2\/#breadcrumb","itemListElement":[{"@type":"ListItem","position":1,"name":"Startseite","item":"https:\/\/www.jobcenter-kiel.de\/uk\/"},{"@type":"ListItem","position":2,"name":"Fachassistenz-Leistungsgew\u00e4hrung"}]},{"@type":"WebSite","@id":"https:\/\/www.jobcenter-kiel.de\/uk\/#website","url":"https:\/\/www.jobcenter-kiel.de\/uk\/","name":"Jobcenter Kiel","description":"Beraten - qualifizieren - integrieren","publisher":{"@id":"https:\/\/www.jobcenter-kiel.de\/uk\/#organization"},"potentialAction":[{"@type":"SearchAction","target":{"@type":"EntryPoint","urlTemplate":"https:\/\/www.jobcenter-kiel.de\/uk\/?s={search_term_string}"},"query-input":{"@type":"PropertyValueSpecification","valueRequired":true,"valueName":"search_term_string"}}],"inLanguage":"uk"},{"@type":"Organization","@id":"https:\/\/www.jobcenter-kiel.de\/uk\/#organization","name":"Jobcenter Kiel","url":"https:\/\/www.jobcenter-kiel.de\/uk\/","logo":{"@type":"ImageObject","inLanguage":"uk","@id":"https:\/\/www.jobcenter-kiel.de\/uk\/#\/schema\/logo\/image\/","url":"https:\/\/www.jobcenter-kiel.de\/wp-content\/uploads\/2018\/04\/job-center-kiel-logo-2.png","contentUrl":"https:\/\/www.jobcenter-kiel.de\/wp-content\/uploads\/2018\/04\/job-center-kiel-logo-2.png","width":484,"height":104,"caption":"Jobcenter Kiel"},"image":{"@id":"https:\/\/www.jobcenter-kiel.de\/uk\/#\/schema\/logo\/image\/"}}]}},"publishpress_future_action":{"enabled":false,"date":"2026-04-23 08:57:45","action":"change-status","newStatus":"draft","terms":[],"taxonomy":"translation_priority","extraData":[]},"publishpress_future_workflow_manual_trigger":{"enabledWorkflows":[]},"_links":{"self":[{"href":"https:\/\/www.jobcenter-kiel.de\/uk\/wp-json\/wp\/v2\/pages\/9227","targetHints":{"allow":["GET"]}}],"collection":[{"href":"https:\/\/www.jobcenter-kiel.de\/uk\/wp-json\/wp\/v2\/pages"}],"about":[{"href":"https:\/\/www.jobcenter-kiel.de\/uk\/wp-json\/wp\/v2\/types\/page"}],"author":[{"embeddable":true,"href":"https:\/\/www.jobcenter-kiel.de\/uk\/wp-json\/wp\/v2\/users\/1"}],"replies":[{"embeddable":true,"href":"https:\/\/www.jobcenter-kiel.de\/uk\/wp-json\/wp\/v2\/comments?post=9227"}],"version-history":[{"count":4,"href":"https:\/\/www.jobcenter-kiel.de\/uk\/wp-json\/wp\/v2\/pages\/9227\/revisions"}],"predecessor-version":[{"id":9315,"href":"https:\/\/www.jobcenter-kiel.de\/uk\/wp-json\/wp\/v2\/pages\/9227\/revisions\/9315"}],"wp:attachment":[{"href":"https:\/\/www.jobcenter-kiel.de\/uk\/wp-json\/wp\/v2\/media?parent=9227"}],"curies":[{"name":"wp","href":"https:\/\/api.w.org\/{rel}","templated":true}]}}