{"id":9450,"date":"2024-04-04T21:09:29","date_gmt":"2024-04-04T19:09:29","guid":{"rendered":"https:\/\/www.jobcenter-kiel.de\/vermittlungscoaching-englisch-arabisch-ukrainisch\/"},"modified":"2024-09-13T10:45:51","modified_gmt":"2024-09-13T08:45:51","slug":"vermittlungscoaching-2","status":"publish","type":"page","link":"https:\/\/www.jobcenter-kiel.de\/uk\/vermittlungscoaching-2\/","title":{"rendered":"Vermittlungscoaching"},"content":{"rendered":"<div id=\"cs-content\" class=\"cs-content\"><\/div>\n","protected":false},"excerpt":{"rendered":"<p>Vermittlungscoaching Willkommen beim Spezialisierungsteam \u201eVermittlungscoaching\u201c! Unser engagiertes Team im Jobcenter Kiel ist darauf spezialisiert, Sie bestm\u00f6glich bei der Arbeit- bzw. Ausbildungssuche und auf Ihrem Weg zur beruflichen (Neu-) Orientierung zu unterst\u00fctzen. Als B\u00fcrgergeldempf\u00e4nger*in stehen Ihnen qualifizierte Vermittlungs-Coaches zur Seite, die sich darauf konzentrieren, Ihre individuellen St\u00e4rken herauszuarbeiten.Unser Service Engmaschige Betreuung &ndash; pers&ouml;nlich, telefonisch, per Videocall Gemeinsame Erarbeitung reeller Perspektiven auf &#8230; <\/p>\n<div><a href=\"https:\/\/www.jobcenter-kiel.de\/uk\/vermittlungscoaching-2\/\" class=\"more-link\">Read More<\/a><\/div>\n","protected":false},"author":1,"featured_media":0,"parent":0,"menu_order":0,"comment_status":"closed","ping_status":"closed","template":"template-blank-4.php","meta":{"footnotes":""},"class_list":["post-9450","page","type-page","status-publish","hentry","no-post-thumbnail"],"yoast_head":"<!-- This site is optimized with the Yoast SEO plugin v26.5 - https:\/\/yoast.com\/wordpress\/plugins\/seo\/ -->\n<title>Vermittlungscoaching - Jobcenter Kiel<\/title>\n<meta name=\"description\" content=\"Das Jobcenter Kiel ist eine gemeinsame Einrichtung der Landeshauptstadt Kiel und der Agentur f\u00fcr Arbeit Kiel. Wir sind eine eigenst\u00e4ndige K\u00f6rperschaft des \u00f6ffentlichen Rechts sui generis.\" \/>\n<meta name=\"robots\" content=\"index, follow, max-snippet:-1, max-image-preview:large, max-video-preview:-1\" \/>\n<link rel=\"canonical\" href=\"https:\/\/www.jobcenter-kiel.de\/uk\/vermittlungscoaching-2\/\" \/>\n<meta property=\"og:locale\" content=\"uk_UA\" \/>\n<meta property=\"og:type\" content=\"article\" \/>\n<meta property=\"og:title\" content=\"Vermittlungscoaching - Jobcenter Kiel\" \/>\n<meta property=\"og:description\" content=\"Das Jobcenter Kiel ist eine gemeinsame Einrichtung der Landeshauptstadt Kiel und der Agentur f\u00fcr Arbeit Kiel. Wir sind eine eigenst\u00e4ndige K\u00f6rperschaft des \u00f6ffentlichen Rechts sui generis.\" \/>\n<meta property=\"og:url\" content=\"https:\/\/www.jobcenter-kiel.de\/uk\/vermittlungscoaching-2\/\" \/>\n<meta property=\"og:site_name\" content=\"Jobcenter Kiel\" \/>\n<meta property=\"article:modified_time\" content=\"2024-09-13T08:45:51+00:00\" \/>\n<meta name=\"twitter:card\" content=\"summary_large_image\" \/>\n<meta name=\"twitter:label1\" content=\"\u041f\u0440\u0438\u0431\u043b. \u0447\u0430\u0441 \u0447\u0438\u0442\u0430\u043d\u043d\u044f\" \/>\n\t<meta name=\"twitter:data1\" content=\"3 \u0445\u0432\u0438\u043b\u0438\u043d\u0438\" \/>\n<script type=\"application\/ld+json\" class=\"yoast-schema-graph\">{\"@context\":\"https:\/\/schema.org\",\"@graph\":[{\"@type\":\"WebPage\",\"@id\":\"https:\/\/www.jobcenter-kiel.de\/uk\/vermittlungscoaching-2\/\",\"url\":\"https:\/\/www.jobcenter-kiel.de\/uk\/vermittlungscoaching-2\/\",\"name\":\"Vermittlungscoaching - Jobcenter Kiel\",\"isPartOf\":{\"@id\":\"https:\/\/www.jobcenter-kiel.de\/uk\/#website\"},\"datePublished\":\"2024-04-04T19:09:29+00:00\",\"dateModified\":\"2024-09-13T08:45:51+00:00\",\"description\":\"Das Jobcenter Kiel ist eine gemeinsame Einrichtung der Landeshauptstadt Kiel und der Agentur f\u00fcr Arbeit Kiel. Wir sind eine eigenst\u00e4ndige K\u00f6rperschaft des \u00f6ffentlichen Rechts sui generis.\",\"breadcrumb\":{\"@id\":\"https:\/\/www.jobcenter-kiel.de\/uk\/vermittlungscoaching-2\/#breadcrumb\"},\"inLanguage\":\"uk\",\"potentialAction\":[{\"@type\":\"ReadAction\",\"target\":[\"https:\/\/www.jobcenter-kiel.de\/uk\/vermittlungscoaching-2\/\"]}]},{\"@type\":\"BreadcrumbList\",\"@id\":\"https:\/\/www.jobcenter-kiel.de\/uk\/vermittlungscoaching-2\/#breadcrumb\",\"itemListElement\":[{\"@type\":\"ListItem\",\"position\":1,\"name\":\"Startseite\",\"item\":\"https:\/\/www.jobcenter-kiel.de\/uk\/\"},{\"@type\":\"ListItem\",\"position\":2,\"name\":\"Vermittlungscoaching\"}]},{\"@type\":\"WebSite\",\"@id\":\"https:\/\/www.jobcenter-kiel.de\/uk\/#website\",\"url\":\"https:\/\/www.jobcenter-kiel.de\/uk\/\",\"name\":\"Jobcenter Kiel\",\"description\":\"Beraten - qualifizieren - integrieren\",\"publisher\":{\"@id\":\"https:\/\/www.jobcenter-kiel.de\/uk\/#organization\"},\"potentialAction\":[{\"@type\":\"SearchAction\",\"target\":{\"@type\":\"EntryPoint\",\"urlTemplate\":\"https:\/\/www.jobcenter-kiel.de\/uk\/?s={search_term_string}\"},\"query-input\":{\"@type\":\"PropertyValueSpecification\",\"valueRequired\":true,\"valueName\":\"search_term_string\"}}],\"inLanguage\":\"uk\"},{\"@type\":\"Organization\",\"@id\":\"https:\/\/www.jobcenter-kiel.de\/uk\/#organization\",\"name\":\"Jobcenter Kiel\",\"url\":\"https:\/\/www.jobcenter-kiel.de\/uk\/\",\"logo\":{\"@type\":\"ImageObject\",\"inLanguage\":\"uk\",\"@id\":\"https:\/\/www.jobcenter-kiel.de\/uk\/#\/schema\/logo\/image\/\",\"url\":\"https:\/\/www.jobcenter-kiel.de\/wp-content\/uploads\/2018\/04\/job-center-kiel-logo-2.png\",\"contentUrl\":\"https:\/\/www.jobcenter-kiel.de\/wp-content\/uploads\/2018\/04\/job-center-kiel-logo-2.png\",\"width\":484,\"height\":104,\"caption\":\"Jobcenter Kiel\"},\"image\":{\"@id\":\"https:\/\/www.jobcenter-kiel.de\/uk\/#\/schema\/logo\/image\/\"}}]}<\/script>\n<!-- \/ Yoast SEO plugin. -->","yoast_head_json":{"title":"Vermittlungscoaching - Jobcenter Kiel","description":"Das Jobcenter Kiel ist eine gemeinsame Einrichtung der Landeshauptstadt Kiel und der Agentur f\u00fcr Arbeit Kiel. Wir sind eine eigenst\u00e4ndige K\u00f6rperschaft des \u00f6ffentlichen Rechts sui generis.","robots":{"index":"index","follow":"follow","max-snippet":"max-snippet:-1","max-image-preview":"max-image-preview:large","max-video-preview":"max-video-preview:-1"},"canonical":"https:\/\/www.jobcenter-kiel.de\/uk\/vermittlungscoaching-2\/","og_locale":"uk_UA","og_type":"article","og_title":"Vermittlungscoaching - Jobcenter Kiel","og_description":"Das Jobcenter Kiel ist eine gemeinsame Einrichtung der Landeshauptstadt Kiel und der Agentur f\u00fcr Arbeit Kiel. Wir sind eine eigenst\u00e4ndige K\u00f6rperschaft des \u00f6ffentlichen Rechts sui generis.","og_url":"https:\/\/www.jobcenter-kiel.de\/uk\/vermittlungscoaching-2\/","og_site_name":"Jobcenter Kiel","article_modified_time":"2024-09-13T08:45:51+00:00","twitter_card":"summary_large_image","twitter_misc":{"\u041f\u0440\u0438\u0431\u043b. \u0447\u0430\u0441 \u0447\u0438\u0442\u0430\u043d\u043d\u044f":"3 \u0445\u0432\u0438\u043b\u0438\u043d\u0438"},"schema":{"@context":"https:\/\/schema.org","@graph":[{"@type":"WebPage","@id":"https:\/\/www.jobcenter-kiel.de\/uk\/vermittlungscoaching-2\/","url":"https:\/\/www.jobcenter-kiel.de\/uk\/vermittlungscoaching-2\/","name":"Vermittlungscoaching - Jobcenter Kiel","isPartOf":{"@id":"https:\/\/www.jobcenter-kiel.de\/uk\/#website"},"datePublished":"2024-04-04T19:09:29+00:00","dateModified":"2024-09-13T08:45:51+00:00","description":"Das Jobcenter Kiel ist eine gemeinsame Einrichtung der Landeshauptstadt Kiel und der Agentur f\u00fcr Arbeit Kiel. Wir sind eine eigenst\u00e4ndige K\u00f6rperschaft des \u00f6ffentlichen Rechts sui generis.","breadcrumb":{"@id":"https:\/\/www.jobcenter-kiel.de\/uk\/vermittlungscoaching-2\/#breadcrumb"},"inLanguage":"uk","potentialAction":[{"@type":"ReadAction","target":["https:\/\/www.jobcenter-kiel.de\/uk\/vermittlungscoaching-2\/"]}]},{"@type":"BreadcrumbList","@id":"https:\/\/www.jobcenter-kiel.de\/uk\/vermittlungscoaching-2\/#breadcrumb","itemListElement":[{"@type":"ListItem","position":1,"name":"Startseite","item":"https:\/\/www.jobcenter-kiel.de\/uk\/"},{"@type":"ListItem","position":2,"name":"Vermittlungscoaching"}]},{"@type":"WebSite","@id":"https:\/\/www.jobcenter-kiel.de\/uk\/#website","url":"https:\/\/www.jobcenter-kiel.de\/uk\/","name":"Jobcenter Kiel","description":"Beraten - qualifizieren - integrieren","publisher":{"@id":"https:\/\/www.jobcenter-kiel.de\/uk\/#organization"},"potentialAction":[{"@type":"SearchAction","target":{"@type":"EntryPoint","urlTemplate":"https:\/\/www.jobcenter-kiel.de\/uk\/?s={search_term_string}"},"query-input":{"@type":"PropertyValueSpecification","valueRequired":true,"valueName":"search_term_string"}}],"inLanguage":"uk"},{"@type":"Organization","@id":"https:\/\/www.jobcenter-kiel.de\/uk\/#organization","name":"Jobcenter Kiel","url":"https:\/\/www.jobcenter-kiel.de\/uk\/","logo":{"@type":"ImageObject","inLanguage":"uk","@id":"https:\/\/www.jobcenter-kiel.de\/uk\/#\/schema\/logo\/image\/","url":"https:\/\/www.jobcenter-kiel.de\/wp-content\/uploads\/2018\/04\/job-center-kiel-logo-2.png","contentUrl":"https:\/\/www.jobcenter-kiel.de\/wp-content\/uploads\/2018\/04\/job-center-kiel-logo-2.png","width":484,"height":104,"caption":"Jobcenter Kiel"},"image":{"@id":"https:\/\/www.jobcenter-kiel.de\/uk\/#\/schema\/logo\/image\/"}}]}},"publishpress_future_action":{"enabled":false,"date":"2026-04-22 23:40:23","action":"change-status","newStatus":"draft","terms":[],"taxonomy":"translation_priority","extraData":[]},"publishpress_future_workflow_manual_trigger":{"enabledWorkflows":[]},"_links":{"self":[{"href":"https:\/\/www.jobcenter-kiel.de\/uk\/wp-json\/wp\/v2\/pages\/9450","targetHints":{"allow":["GET"]}}],"collection":[{"href":"https:\/\/www.jobcenter-kiel.de\/uk\/wp-json\/wp\/v2\/pages"}],"about":[{"href":"https:\/\/www.jobcenter-kiel.de\/uk\/wp-json\/wp\/v2\/types\/page"}],"author":[{"embeddable":true,"href":"https:\/\/www.jobcenter-kiel.de\/uk\/wp-json\/wp\/v2\/users\/1"}],"replies":[{"embeddable":true,"href":"https:\/\/www.jobcenter-kiel.de\/uk\/wp-json\/wp\/v2\/comments?post=9450"}],"version-history":[{"count":4,"href":"https:\/\/www.jobcenter-kiel.de\/uk\/wp-json\/wp\/v2\/pages\/9450\/revisions"}],"predecessor-version":[{"id":9606,"href":"https:\/\/www.jobcenter-kiel.de\/uk\/wp-json\/wp\/v2\/pages\/9450\/revisions\/9606"}],"wp:attachment":[{"href":"https:\/\/www.jobcenter-kiel.de\/uk\/wp-json\/wp\/v2\/media?parent=9450"}],"curies":[{"name":"wp","href":"https:\/\/api.w.org\/{rel}","templated":true}]}}